{"id":14,"date":"2025-05-03T14:33:21","date_gmt":"2025-05-03T14:33:21","guid":{"rendered":"https:\/\/brummschaf.de\/?page_id=14"},"modified":"2025-05-03T14:33:21","modified_gmt":"2025-05-03T14:33:21","slug":"datenschutzerklarung","status":"publish","type":"page","link":"https:\/\/brummschaf.de\/?page_id=14","title":{"rendered":"Datenschutzerkl\u00e4rung"},"content":{"rendered":"\n<p>Verantwortlicher f\u00fcr die Datenverarbeitung: <\/p>\n\n\n\n<p>Klaus Kort, Schwalbenweg 14, 47259 Duisburg Telefon: 0203 &#8211; 60834552, E-Mail: [info [\u00e4t] brummschaf.de] Server-Logfiles: <\/p>\n\n\n\n<p>Beim Zugriff auf diese Webseite werden automatisch Informationen in sogenannten Server-Logfiles gespeichert, die Ihr Browser an unseren Server \u00fcbermittelt. <\/p>\n\n\n\n<p>Dies sind in der Regel: <br>* Browsertyp und Browserversion <br>* Verwendetes Betriebssystem <br>* Referrer URL (die zuvor besuchte Seite) <br>* Hostname des zugreifenden Rechners <br>* Uhrzeit der Serveranfrage <br>* IP-Adresse <br><br>Diese Daten werden ausschlie\u00dflich zur Sicherstellung eines st\u00f6rungsfreien Betriebs der Seite und zur Verbesserung meines Angebots ausgewertet. Eine Zusammenf\u00fchrung dieser Daten mit anderen Datenquellen wird nicht vorgenommen. Die IP-Adresse wird in der Regel nur f\u00fcr die Dauer des Besuchs gespeichert und danach anonymisiert oder gel\u00f6scht. <\/p>\n\n\n\n<p>Ihre Rechte: Sie haben das Recht auf Auskunft \u00fcber die bei uns gespeicherten personenbezogenen Daten sowie auf Berichtigung, L\u00f6schung oder Einschr\u00e4nkung der Verarbeitung dieser Daten. Zudem haben Sie das Recht auf Widerspruch gegen die Verarbeitung und das Recht auf Daten\u00fcbertragbarkeit. Wenn Sie der Ansicht sind, dass die Verarbeitung Ihrer personenbezogenen Daten rechtswidrig erfolgt, k\u00f6nnen Sie sich bei einer Aufsichtsbeh\u00f6rde beschweren. Kontakt: <\/p>\n\n\n\n<p>Bei Fragen zum Datenschutz k\u00f6nnen Sie sich jederzeit an die oben genannte Kontaktadresse wenden.<\/p>\n","protected":false},"excerpt":{"rendered":"<p>Verantwortlicher f\u00fcr die Datenverarbeitung: Klaus Kort, Schwalbenweg 14, 47259 Duisburg Telefon: 0203 &#8211; 60834552, E-Mail: [info [\u00e4t] brummschaf.de] Server-Logfiles: Beim Zugriff auf diese Webseite werden automatisch Informationen in sogenannten Server-Logfiles gespeichert, die Ihr Browser an unseren Server \u00fcbermittelt. Dies sind in der Regel: * Browsertyp und Browserversion * Verwendetes Betriebssystem * Referrer URL (die zuvor [&hellip;]<\/p>\n","protected":false},"author":1,"featured_media":0,"parent":0,"menu_order":0,"comment_status":"closed","ping_status":"closed","template":"","meta":{"footnotes":""},"class_list":["post-14","page","type-page","status-publish","hentry"],"_links":{"self":[{"href":"https:\/\/brummschaf.de\/index.php?rest_route=\/wp\/v2\/pages\/14","targetHints":{"allow":["GET"]}}],"collection":[{"href":"https:\/\/brummschaf.de\/index.php?rest_route=\/wp\/v2\/pages"}],"about":[{"href":"https:\/\/brummschaf.de\/index.php?rest_route=\/wp\/v2\/types\/page"}],"author":[{"embeddable":true,"href":"https:\/\/brummschaf.de\/index.php?rest_route=\/wp\/v2\/users\/1"}],"replies":[{"embeddable":true,"href":"https:\/\/brummschaf.de\/index.php?rest_route=%2Fwp%2Fv2%2Fcomments&post=14"}],"version-history":[{"count":1,"href":"https:\/\/brummschaf.de\/index.php?rest_route=\/wp\/v2\/pages\/14\/revisions"}],"predecessor-version":[{"id":15,"href":"https:\/\/brummschaf.de\/index.php?rest_route=\/wp\/v2\/pages\/14\/revisions\/15"}],"wp:attachment":[{"href":"https:\/\/brummschaf.de\/index.php?rest_route=%2Fwp%2Fv2%2Fmedia&parent=14"}],"curies":[{"name":"wp","href":"https:\/\/api.w.org\/{rel}","templated":true}]}}